{"id":304,"date":"2019-05-17T12:13:04","date_gmt":"2019-05-17T12:13:04","guid":{"rendered":"https:\/\/phoster.fi\/?page_id=304"},"modified":"2024-04-23T15:25:34","modified_gmt":"2024-04-23T13:25:34","slug":"tietojarjestelmahankkeet-2-4","status":"publish","type":"page","link":"https:\/\/phoster.fi\/?page_id=304","title":{"rendered":"3.4 J\u00e4rjestelm\u00e4integraatiot"},"content":{"rendered":"\n<p>J\u00e4rjestelm\u00e4t ovat jatkuvasti tulleet monimutkaisemmiksi ja laajemmiksi. My\u00f6s yh\u00e4 useammassa yrityksess\u00e4 on k\u00e4yt\u00f6ss\u00e4 monia eri j\u00e4rjestelmi\u00e4. Ilman j\u00e4rjestelmien v\u00e4list\u00e4 integraatiota sama tieto joudutaan tallettamaan useaan paikkaan &#8211; ja se on p\u00e4\u00e4llekk\u00e4ist\u00e4 ty\u00f6t\u00e4 ja tiedon oikeellisuus tavallisesti k\u00e4rsiii. N\u00e4ist\u00e4 syist\u00e4 tarvitaan j\u00e4rjestelmien v\u00e4list\u00e4 integraatiota. Integraatio voi olla sek\u00e4 yrityksen sis\u00e4ist\u00e4 (eri toiminnot tai osastot) ett\u00e4 ulkoista (asiakkaat tai toimittajat).<\/p>\n\n\n\n<p><strong>Integraatiotasot ja -mallit<\/strong><\/p>\n\n\n\n<p>Yritystason integraatioita (EAI) on kolmen tasoisia:<\/p>\n\n\n\n<ul class=\"wp-block-list\"><li>Esitystaso<\/li><li>Tietomallin \/ tiedon taso<\/li><li>Toiminnalinen taso.<\/li><\/ul>\n\n\n\n<p>J\u00e4rjestelmien integraatiotarvetta voi tarkastella esim. j\u00e4rjestelm\u00e4kartan avulla (alla yksinkertaistettu esimerkki):<\/p>\n\n\n\n<figure class=\"wp-block-image\"><img loading=\"lazy\" decoding=\"async\" width=\"900\" height=\"568\" src=\"https:\/\/phoster.fi\/wp-content\/uploads\/2019\/05\/System_landscape_1.jpg\" alt=\"\" class=\"wp-image-338\" srcset=\"https:\/\/phoster.fi\/wp-content\/uploads\/2019\/05\/System_landscape_1.jpg 900w, https:\/\/phoster.fi\/wp-content\/uploads\/2019\/05\/System_landscape_1-300x189.jpg 300w, https:\/\/phoster.fi\/wp-content\/uploads\/2019\/05\/System_landscape_1-768x485.jpg 768w\" sizes=\"auto, (max-width: 767px) 89vw, (max-width: 1000px) 54vw, (max-width: 1071px) 543px, 580px\" \/><\/figure>\n\n\n\n<p>Tavallisesti integraatioita tarvitaan seuraavien sovellusten v\u00e4lill\u00e4:<\/p>\n\n\n\n<ul class=\"wp-block-list\"><li>CRM &#8211; ERP \/ asiakkaat, myynti<\/li><li>PDM &#8211; ERP \/ tuotetiedot<\/li><li>ERP &#8211; MES \/ tuotantotilaus, tuotetiedot<\/li><li>dokumentinhallinta &#8211; ERP<\/li><li>&#8230;<\/li><\/ul>\n\n\n\n<p>Kaikissa tapauksissa on t\u00e4rke\u00e4\u00e4 tunnistaa, mik\u00e4 on kunkin tiedon Master Data -j\u00e4rjestelm\u00e4 (MD). T\u00e4ll\u00f6in liittym\u00e4t suunnitellaan MD:n n\u00e4k\u00f6kulmasta pit\u00e4en mieless\u00e4 tiedon eheysvaatimukset. Samalla mietit\u00e4\u00e4n mik\u00e4 on tiedon reaaliaikavaatimus tai miten usein tieto voi muuttua.<\/p>\n\n\n\n<p><strong>Integraatioty\u00f6kalut<\/strong><\/p>\n\n\n\n<p>Integraatioiden hallintaan on olemassa erillisi\u00e4 ty\u00f6kaluja. Ne voviat olla t\u00e4ysimittaisia <strong>EAI <\/strong>(Enterprise Apllication Integration) -ty\u00f6kaluja tai tietyn valmistajan omaan j\u00e4rjestelm\u00e4\u00e4ns\u00e4 rakentamia omianisuuksia. Parasta on joka tapauksessa k\u00e4ytt\u00e4\u00e4 ty\u00f6kalua, jota projektin osallistujat jo osaavat. Ellei osaamista ole ennest\u00e4\u00e4n, niin sitten kannattaa menn\u00e4 luottotoimittajan suositusten mukaan. <\/p>\n\n\n\n<p>Integraatioita voidaan tehd\u00e4 teknisesti monella tapaa &#8211; parasta on k\u00e4ytt\u00e4\u00e4 jotain standardia, joka on laajasti tuettu ja johon l\u00f6ytyy osaamista. Esimerkkej\u00e4 standardeista ovat: Edifact tai Finvoice.<\/p>\n\n\n\n<p>Er\u00e4s mahdollisuus on tehd\u00e4 yrityksen ulkoinen sanomatason integrointi jonkin ko,mannen osapuolen toteuttamana. N\u00e4it\u00e4 palveluntarjoajia on muutama vakavasti otettava. <\/p>\n\n\n\n<p><strong>Kehityssuuntia<\/strong><\/p>\n\n\n\n<p>Yritykset ovat siirtym\u00e4ss\u00e4 yksitt\u00e4in toteutetuista integraatiosita laajasti hallittuihin kokonaisuuksiin. T\u00e4ll\u00f6in puhutaan joko SOA tai ESB integraatioista. Tosin usko niidenkin kaikkivoipaisuuteen on jo osittain haihtunut ja ollaan hakemassa ratkaisuja iPaaS ja Hybridi -ratkaisuista.<\/p>\n\n\n\n<p>Aika n\u00e4ytt\u00e4\u00e4 &#8230;<\/p>\n","protected":false},"excerpt":{"rendered":"<p>J\u00e4rjestelm\u00e4t ovat jatkuvasti tulleet monimutkaisemmiksi ja laajemmiksi. My\u00f6s yh\u00e4 useammassa yrityksess\u00e4 on k\u00e4yt\u00f6ss\u00e4 monia eri j\u00e4rjestelmi\u00e4. Ilman j\u00e4rjestelmien v\u00e4list\u00e4 integraatiota sama tieto joudutaan tallettamaan useaan paikkaan &#8211; ja se on p\u00e4\u00e4llekk\u00e4ist\u00e4 ty\u00f6t\u00e4 ja tiedon oikeellisuus tavallisesti k\u00e4rsiii. N\u00e4ist\u00e4 syist\u00e4 tarvitaan j\u00e4rjestelmien v\u00e4list\u00e4 integraatiota. Integraatio voi olla sek\u00e4 yrityksen sis\u00e4ist\u00e4 (eri toiminnot tai osastot) ett\u00e4 ulkoista &hellip; <\/p>\n<p class=\"link-more\"><a href=\"https:\/\/phoster.fi\/?page_id=304\" class=\"more-link\">Jatka lukemista<span class=\"screen-reader-text\"> &#8221;3.4 J\u00e4rjestelm\u00e4integraatiot&#8221;<\/span><\/a><\/p>\n","protected":false},"author":1,"featured_media":0,"parent":0,"menu_order":0,"comment_status":"closed","ping_status":"closed","template":"","meta":{"footnotes":""},"class_list":["post-304","page","type-page","status-publish","hentry"],"_links":{"self":[{"href":"https:\/\/phoster.fi\/index.php?rest_route=\/wp\/v2\/pages\/304","targetHints":{"allow":["GET"]}}],"collection":[{"href":"https:\/\/phoster.fi\/index.php?rest_route=\/wp\/v2\/pages"}],"about":[{"href":"https:\/\/phoster.fi\/index.php?rest_route=\/wp\/v2\/types\/page"}],"author":[{"embeddable":true,"href":"https:\/\/phoster.fi\/index.php?rest_route=\/wp\/v2\/users\/1"}],"replies":[{"embeddable":true,"href":"https:\/\/phoster.fi\/index.php?rest_route=%2Fwp%2Fv2%2Fcomments&post=304"}],"version-history":[{"count":12,"href":"https:\/\/phoster.fi\/index.php?rest_route=\/wp\/v2\/pages\/304\/revisions"}],"predecessor-version":[{"id":348,"href":"https:\/\/phoster.fi\/index.php?rest_route=\/wp\/v2\/pages\/304\/revisions\/348"}],"wp:attachment":[{"href":"https:\/\/phoster.fi\/index.php?rest_route=%2Fwp%2Fv2%2Fmedia&parent=304"}],"curies":[{"name":"wp","href":"https:\/\/api.w.org\/{rel}","templated":true}]}}