{"id":356,"date":"2019-05-17T12:11:58","date_gmt":"2019-05-17T12:11:58","guid":{"rendered":"https:\/\/phoster.fi\/?page_id=356"},"modified":"2019-05-17T12:11:58","modified_gmt":"2019-05-17T12:11:58","slug":"tietojarjestelmahankkeet-2-2-3","status":"publish","type":"page","link":"https:\/\/phoster.fi\/?page_id=356","title":{"rendered":"3.2 IT Governance -malli"},"content":{"rendered":"\n<p>IT Governance malli auttaa yrityksi\u00e4 hahmottamaan ja hallitsemaan yrityksen IT ymp\u00e4rist\u00f6\u00e4 ja sen kehitt\u00e4mist\u00e4. Malli on erityisen hy\u00f6dyllinen laajoissa ja monimutkaisissa yritysymp\u00e4rist\u00f6iss\u00e4, mutta se voi helpottaa suunnittelua my\u00f6s pieniss\u00e4 yrityksiss\u00e4. Malli voi t\u00e4ll\u00f6in toimia muistilistana asioista, jotka pit\u00e4\u00e4 ratkaista. <\/p>\n\n\n\n<p>IT Governance mallin sis\u00e4lt\u00f6 on seuraava:<\/p>\n\n\n\n<figure class=\"wp-block-image\"><img loading=\"lazy\" decoding=\"async\" width=\"900\" height=\"516\" src=\"https:\/\/phoster.fi\/wp-content\/uploads\/2019\/05\/IT-Governance-ITSM-1.jpg\" alt=\"\" class=\"wp-image-324\" srcset=\"https:\/\/phoster.fi\/wp-content\/uploads\/2019\/05\/IT-Governance-ITSM-1.jpg 900w, https:\/\/phoster.fi\/wp-content\/uploads\/2019\/05\/IT-Governance-ITSM-1-300x172.jpg 300w, https:\/\/phoster.fi\/wp-content\/uploads\/2019\/05\/IT-Governance-ITSM-1-768x440.jpg 768w\" sizes=\"auto, (max-width: 767px) 89vw, (max-width: 1000px) 54vw, (max-width: 1071px) 543px, 580px\" \/><\/figure>\n\n\n\n<p>IT Governance mallin hy\u00f6tyj\u00e4 ovat: <\/p>\n\n\n\n<ul class=\"wp-block-list\"><li>se <strong>tuo standardinmukaiset menetelm\u00e4t<\/strong> osaksi IT johtamista, <\/li><li>K\u00e4ytet\u00e4\u00e4n <strong><em>yhten\u00e4ist\u00e4 harmonisoitua k\u00e4sitteist\u00f6\u00e4 <\/em><\/strong>l\u00e4pi koko organisaation, IT :n ja liiketoiminnan v\u00e4lill\u00e4 \u2013 <strong><em>yhteinen kieli<\/em><\/strong>,<\/li><li><strong>Tukee vahvasti kommunikointia <\/strong>IT:n johtamisessa, <em>p\u00e4\u00e4st\u00e4\u00e4n \u201dIT jargonista\u201d<\/em> ,<\/li><li>Avoimia standardeja k\u00e4ytt\u00e4m\u00e4ll\u00e4 <strong>pystyt\u00e4\u00e4n toimintaa vertailemaan <\/strong>(Bencmarking), <\/li><li><strong>Kasvattaa asiakkaiden\/sidosryhmien jne. luottamusta<\/strong> ,<\/li><li>IT Governance <strong>ei ole mik\u00e4\u00e4n yksitt\u00e4inen prosessi tai ohjelmistoratkaisu, <\/strong>vaan jatkuvan parantamisen menetelm\u00e4. <\/li><\/ul>\n\n\n\n<p><strong>ITIL malli<\/strong><\/p>\n\n\n\n<p>Eri aktiviteettien hahmottamisessa voidaan nojata esim. ITIL Activity Map -kuvaan, jossa on pyritty huomioimaan kaikki palvelun vaatimat toiminnot: <\/p>\n\n\n\n<figure class=\"wp-block-image\"><img loading=\"lazy\" decoding=\"async\" width=\"900\" height=\"470\" src=\"https:\/\/phoster.fi\/wp-content\/uploads\/2019\/05\/ITIL-Activity-Map-1.jpg\" alt=\"\" class=\"wp-image-326\" srcset=\"https:\/\/phoster.fi\/wp-content\/uploads\/2019\/05\/ITIL-Activity-Map-1.jpg 900w, https:\/\/phoster.fi\/wp-content\/uploads\/2019\/05\/ITIL-Activity-Map-1-300x157.jpg 300w, https:\/\/phoster.fi\/wp-content\/uploads\/2019\/05\/ITIL-Activity-Map-1-768x401.jpg 768w\" sizes=\"auto, (max-width: 767px) 89vw, (max-width: 1000px) 54vw, (max-width: 1071px) 543px, 580px\" \/><\/figure>\n\n\n\n<p>Aktiviteeteilla on eri rooli ja eri painotus &#8211; t\u00e4m\u00e4 riippuu toimialasta ja yrityksen toiminnan kypsyysasteesta. Mallia ei ole tarkoitus k\u00e4ytt\u00e4\u00e4 kategorisesti vaan hyvin pragmaattisesti tilanteen mukaan. <\/p>\n\n\n\n<p>IT Governance mallin k\u00e4ytt\u00f6\u00f6notto vaatii huolellista suunnittelua ja paljon kommunikointia, josta on kuvaus alla:<\/p>\n\n\n\n<figure class=\"wp-block-image\"><img loading=\"lazy\" decoding=\"async\" width=\"900\" height=\"673\" src=\"https:\/\/phoster.fi\/wp-content\/uploads\/2019\/05\/ITIL-Implementation-1.jpg\" alt=\"\" class=\"wp-image-334\" srcset=\"https:\/\/phoster.fi\/wp-content\/uploads\/2019\/05\/ITIL-Implementation-1.jpg 900w, https:\/\/phoster.fi\/wp-content\/uploads\/2019\/05\/ITIL-Implementation-1-300x224.jpg 300w, https:\/\/phoster.fi\/wp-content\/uploads\/2019\/05\/ITIL-Implementation-1-768x574.jpg 768w\" sizes=\"auto, (max-width: 767px) 89vw, (max-width: 1000px) 54vw, (max-width: 1071px) 543px, 580px\" \/><\/figure>\n","protected":false},"excerpt":{"rendered":"<p>IT Governance malli auttaa yrityksi\u00e4 hahmottamaan ja hallitsemaan yrityksen IT ymp\u00e4rist\u00f6\u00e4 ja sen kehitt\u00e4mist\u00e4. Malli on erityisen hy\u00f6dyllinen laajoissa ja monimutkaisissa yritysymp\u00e4rist\u00f6iss\u00e4, mutta se voi helpottaa suunnittelua my\u00f6s pieniss\u00e4 yrityksiss\u00e4. Malli voi t\u00e4ll\u00f6in toimia muistilistana asioista, jotka pit\u00e4\u00e4 ratkaista. IT Governance mallin sis\u00e4lt\u00f6 on seuraava: IT Governance mallin hy\u00f6tyj\u00e4 ovat: se tuo standardinmukaiset menetelm\u00e4t osaksi &hellip; <\/p>\n<p class=\"link-more\"><a href=\"https:\/\/phoster.fi\/?page_id=356\" class=\"more-link\">Jatka lukemista<span class=\"screen-reader-text\"> &#8221;3.2 IT Governance -malli&#8221;<\/span><\/a><\/p>\n","protected":false},"author":1,"featured_media":0,"parent":0,"menu_order":0,"comment_status":"closed","ping_status":"closed","template":"","meta":{"footnotes":""},"class_list":["post-356","page","type-page","status-publish","hentry"],"_links":{"self":[{"href":"https:\/\/phoster.fi\/index.php?rest_route=\/wp\/v2\/pages\/356","targetHints":{"allow":["GET"]}}],"collection":[{"href":"https:\/\/phoster.fi\/index.php?rest_route=\/wp\/v2\/pages"}],"about":[{"href":"https:\/\/phoster.fi\/index.php?rest_route=\/wp\/v2\/types\/page"}],"author":[{"embeddable":true,"href":"https:\/\/phoster.fi\/index.php?rest_route=\/wp\/v2\/users\/1"}],"replies":[{"embeddable":true,"href":"https:\/\/phoster.fi\/index.php?rest_route=%2Fwp%2Fv2%2Fcomments&post=356"}],"version-history":[{"count":2,"href":"https:\/\/phoster.fi\/index.php?rest_route=\/wp\/v2\/pages\/356\/revisions"}],"predecessor-version":[{"id":360,"href":"https:\/\/phoster.fi\/index.php?rest_route=\/wp\/v2\/pages\/356\/revisions\/360"}],"wp:attachment":[{"href":"https:\/\/phoster.fi\/index.php?rest_route=%2Fwp%2Fv2%2Fmedia&parent=356"}],"curies":[{"name":"wp","href":"https:\/\/api.w.org\/{rel}","templated":true}]}}