{"id":68,"date":"2019-05-01T16:38:15","date_gmt":"2019-05-01T16:38:15","guid":{"rendered":"https:\/\/phoster.fi\/?page_id=68"},"modified":"2024-04-23T15:26:40","modified_gmt":"2024-04-23T13:26:40","slug":"strategiatyo","status":"publish","type":"page","link":"https:\/\/phoster.fi\/?page_id=68","title":{"rendered":"1. Strategiaty\u00f6"},"content":{"rendered":"<p><meta name=\"keywords\" content=\"Phoster, strategia, \nstrategian mallinnus, strategian jalkautus, strategian implementointi, canvas, kilpailuprofiili, strateginen nosto, visio, missio, SWOT, innovaatio, johtaminen, holistinen n\u00e4kemys\"><\/p>\n\n\n<figure class=\"wp-block-image\"><img loading=\"lazy\" decoding=\"async\" width=\"232\" height=\"90\" src=\"https:\/\/phoster.fi\/wp-content\/uploads\/2019\/05\/Phoster-logo_2013.jpg\" alt=\"\" class=\"wp-image-144\"\/><\/figure>\n\n\n\n<p>Useimmilla yrityksill\u00e4 on olemassa oleva strategia, joka on huolellisesti mietitty ja joka sis\u00e4lt\u00e4\u00e4 oleelliset elementit liiketoiminnan kehitt\u00e4miseksi haluttuun suuntaan. <\/p>\n\n\n\n<p>Me voimme olla avuksi erityisesti <strong>strategian k\u00e4yt\u00e4nt\u00f6\u00f6n viemisess\u00e4<\/strong>. Hyv\u00e4k\u00e4\u00e4n strategia ei ole mink\u00e4\u00e4n arvoinen, ellei sit\u00e4 kyet\u00e4 toteuttamaan. <\/p>\n\n\n\n<h3 class=\"wp-block-heading\">\n      \u201cHowever beautiful the strategy, you should occasionally look at the results.\u201d\n    <\/h3>\n\n\n\n<p>  \u2015\n  \n    Winston Churchill\n  \n\n\n<\/p>\n\n\n\n<p>Strategian toteuttaminen on erityisen haastavaa nopeasti muuttuvassa ymp\u00e4rist\u00f6ss\u00e4, jolloin ketter\u00e4n strategian menetelm\u00e4t (&#8217;agile strategy&#8217;) ovat k\u00e4yt\u00f6ss\u00e4; t\u00e4ll\u00f6in ei ole k\u00e4ytett\u00e4viss\u00e4 perinteisen vuosikelloajattelun rytmi\u00e4 tai jakoa suunnitteluun ja toteutukseen. Strategian jalkauttamisen osa-alueina n\u00e4emme seuraavat tekij\u00e4t:<\/p>\n\n\n\n<ul class=\"wp-block-list\"><li>strategian t\u00e4sment\u00e4minen<\/li><li>strategisten nostojen tunnistaminen<\/li><li>hanke- ja projektisuunnitelma<\/li><li>toteutusprojektit<\/li><li>toteutumisen seuranta ja iterointi.<\/li><\/ul>\n\n\n\n<p>Parhaimmillaan strategiaty\u00f6 on osa kokonaisjohtamista alkaen liiketoimintamallin p\u00e4ivitt\u00e4misest\u00e4 yksitt\u00e4isten prosessien johtamiseen:<\/p>\n\n\n\n<figure class=\"wp-block-image\"><img loading=\"lazy\" decoding=\"async\" width=\"894\" height=\"561\" src=\"https:\/\/phoster.fi\/wp-content\/uploads\/2019\/05\/Strategia_kokonaisuus_1-1.jpg\" alt=\"\" class=\"wp-image-282\" srcset=\"https:\/\/phoster.fi\/wp-content\/uploads\/2019\/05\/Strategia_kokonaisuus_1-1.jpg 894w, https:\/\/phoster.fi\/wp-content\/uploads\/2019\/05\/Strategia_kokonaisuus_1-1-300x188.jpg 300w, https:\/\/phoster.fi\/wp-content\/uploads\/2019\/05\/Strategia_kokonaisuus_1-1-768x482.jpg 768w\" sizes=\"auto, (max-width: 767px) 89vw, (max-width: 1000px) 54vw, (max-width: 1071px) 543px, 580px\" \/><\/figure>\n\n\n\n<p>Kehitt\u00e4misalueet ovat: 1) olemassa olevan strategian\nkirkastaminen ja jalkauttaminen, 2) liiketoiminnan johtamisen kehitt\u00e4minen \u2013\nprosessien kehitt\u00e4minen, 3) muutoshallinta &#8211; strategian jalkauttaminen\nprojektien ja johtamisen keinoin. <\/p>\n\n\n\n<p>Yrityksen olemassa olevat strategia-aineistot, johtamisj\u00e4rjestelm\u00e4n kuvaus, organisaatiokaaviot ja muut kuvaamisen kannalta relevantit dokumentit ker\u00e4t\u00e4\u00e4n l\u00e4ht\u00f6aineistoksi. L\u00e4ht\u00f6aineisto t\u00e4ydennet\u00e4\u00e4n avainhenkil\u00f6iden alkuhaastattelulla.<\/p>\n\n\n\n<p>Strategiaty\u00f6n tulee johtaa lopulta prosessien kehitt\u00e4miseen, jotta ne ovat halutun kehitysohjelman mukaisia ja toteuttavat haluttua strategista teht\u00e4v\u00e4\u00e4.<\/p>\n\n\n\n<figure class=\"wp-block-image\"><img loading=\"lazy\" decoding=\"async\" width=\"921\" height=\"547\" src=\"https:\/\/phoster.fi\/wp-content\/uploads\/2019\/05\/Strategia_mallinnus_prosessit_1.jpg\" alt=\"\" class=\"wp-image-103\" srcset=\"https:\/\/phoster.fi\/wp-content\/uploads\/2019\/05\/Strategia_mallinnus_prosessit_1.jpg 921w, https:\/\/phoster.fi\/wp-content\/uploads\/2019\/05\/Strategia_mallinnus_prosessit_1-300x178.jpg 300w, https:\/\/phoster.fi\/wp-content\/uploads\/2019\/05\/Strategia_mallinnus_prosessit_1-768x456.jpg 768w\" sizes=\"auto, (max-width: 767px) 89vw, (max-width: 1000px) 54vw, (max-width: 1071px) 543px, 580px\" \/><\/figure>\n\n\n\n<p><\/p>\n","protected":false},"excerpt":{"rendered":"<p>Useimmilla yrityksill\u00e4 on olemassa oleva strategia, joka on huolellisesti mietitty ja joka sis\u00e4lt\u00e4\u00e4 oleelliset elementit liiketoiminnan kehitt\u00e4miseksi haluttuun suuntaan. Me voimme olla avuksi erityisesti strategian k\u00e4yt\u00e4nt\u00f6\u00f6n viemisess\u00e4. Hyv\u00e4k\u00e4\u00e4n strategia ei ole mink\u00e4\u00e4n arvoinen, ellei sit\u00e4 kyet\u00e4 toteuttamaan. \u201cHowever beautiful the strategy, you should occasionally look at the results.\u201d \u2015 Winston Churchill Strategian toteuttaminen on erityisen &hellip; <\/p>\n<p class=\"link-more\"><a href=\"https:\/\/phoster.fi\/?page_id=68\" class=\"more-link\">Jatka lukemista<span class=\"screen-reader-text\"> &#8221;1. Strategiaty\u00f6&#8221;<\/span><\/a><\/p>\n","protected":false},"author":1,"featured_media":0,"parent":0,"menu_order":0,"comment_status":"closed","ping_status":"closed","template":"","meta":{"footnotes":""},"class_list":["post-68","page","type-page","status-publish","hentry"],"_links":{"self":[{"href":"https:\/\/phoster.fi\/index.php?rest_route=\/wp\/v2\/pages\/68","targetHints":{"allow":["GET"]}}],"collection":[{"href":"https:\/\/phoster.fi\/index.php?rest_route=\/wp\/v2\/pages"}],"about":[{"href":"https:\/\/phoster.fi\/index.php?rest_route=\/wp\/v2\/types\/page"}],"author":[{"embeddable":true,"href":"https:\/\/phoster.fi\/index.php?rest_route=\/wp\/v2\/users\/1"}],"replies":[{"embeddable":true,"href":"https:\/\/phoster.fi\/index.php?rest_route=%2Fwp%2Fv2%2Fcomments&post=68"}],"version-history":[{"count":18,"href":"https:\/\/phoster.fi\/index.php?rest_route=\/wp\/v2\/pages\/68\/revisions"}],"predecessor-version":[{"id":450,"href":"https:\/\/phoster.fi\/index.php?rest_route=\/wp\/v2\/pages\/68\/revisions\/450"}],"wp:attachment":[{"href":"https:\/\/phoster.fi\/index.php?rest_route=%2Fwp%2Fv2%2Fmedia&parent=68"}],"curies":[{"name":"wp","href":"https:\/\/api.w.org\/{rel}","templated":true}]}}